
{"id":2911,"date":"2023-07-20T13:09:49","date_gmt":"2023-07-20T13:09:49","guid":{"rendered":"https:\/\/mygreatportal.com\/rmsportal\/?post_type=product&#038;p=2911"},"modified":"2023-07-29T07:59:13","modified_gmt":"2023-07-29T07:59:13","slug":"can-dostlar-jant-onarim-ve-oto-lastik-merkezi","status":"publish","type":"product","link":"https:\/\/mygreatportal.com\/rmsportal\/product\/can-dostlar-jant-onarim-ve-oto-lastik-merkezi\/","title":{"rendered":"Can Dostlar Jant Onar\u0131m ve Oto Lastik Merkezi"},"content":{"rendered":"<p>Address:Bah\u00e7ekap\u0131 Mahallesi, 2529. Sokak No:3, 06797 Etimesgut\/Ankara, T\u00fcrkiye<\/p>\n<p>0533 817 9782<\/p>\n<p><a href=\"http:\/\/candostlarjantonarim.com\/\">candostlarjantonarim.com<\/a><\/p>\n","protected":false},"excerpt":{"rendered":"[contact-form][contact-field label=\"Advert No\" type=\"text\"][contact-field label=\"Listing Date\" type=\"date\"][contact-field label=\"Brand\" type=\"text\"][contact-field label=\"Model \" type=\"text\"][contact-field label=\"Gear\" type=\"text\"][contact-field label=\"Fuel \" type=\"text\"][contact-field label=\"From ....\" type=\"text\"][contact-field label=\"Year \" type=\"text\"][contact-field label=\"Vehicle status\" type=\"text\"][contact-field label=\"KM \" type=\"text\"][contact-field label=\"Motor Power\" type=\"text\"][contact-field label=\"Traction \" type=\"text\"][contact-field label=\"Color \" type=\"text\"][contact-field label=\"Guarantee\" type=\"text\"][contact-field label=\"Heavy Damage Registered \" type=\"text\"][contact-field label=\"\" type=\"text\"][contact-field label=\"Visible via video call \" type=\"text\"][contact-field label=\"Swap \" type=\"text\"][\/contact-form]\n","protected":false},"featured_media":2912,"comment_status":"open","ping_status":"closed","template":"","meta":[],"product_brand":[],"product_cat":[241,2000,238,246,1998,1999,236,237,245,244],"product_tag":[2002,2004],"class_list":{"0":"post-2911","1":"product","2":"type-product","3":"status-publish","4":"has-post-thumbnail","6":"product_cat-agricultural-cars","7":"product_cat-automatic-cars-2","8":"product_cat-brand-new","9":"product_cat-car","10":"product_cat-car-rent-2","11":"product_cat-car-rent-with-driver-2","12":"product_cat-cars","13":"product_cat-classic-cars","14":"product_cat-kilometer","15":"product_cat-motorcycle","16":"product_tag-car","17":"product_tag-rent-car","19":"first","20":"instock","21":"taxable","22":"shipping-taxable","23":"product-type-simple"},"jetpack_sharing_enabled":true,"_links":{"self":[{"href":"https:\/\/mygreatportal.com\/rmsportal\/wp-json\/wp\/v2\/product\/2911","targetHints":{"allow":["GET"]}}],"collection":[{"href":"https:\/\/mygreatportal.com\/rmsportal\/wp-json\/wp\/v2\/product"}],"about":[{"href":"https:\/\/mygreatportal.com\/rmsportal\/wp-json\/wp\/v2\/types\/product"}],"replies":[{"embeddable":true,"href":"https:\/\/mygreatportal.com\/rmsportal\/wp-json\/wp\/v2\/comments?post=2911"}],"wp:featuredmedia":[{"embeddable":true,"href":"https:\/\/mygreatportal.com\/rmsportal\/wp-json\/wp\/v2\/media\/2912"}],"wp:attachment":[{"href":"https:\/\/mygreatportal.com\/rmsportal\/wp-json\/wp\/v2\/media?parent=2911"}],"wp:term":[{"taxonomy":"product_brand","embeddable":true,"href":"https:\/\/mygreatportal.com\/rmsportal\/wp-json\/wp\/v2\/product_brand?post=2911"},{"taxonomy":"product_cat","embeddable":true,"href":"https:\/\/mygreatportal.com\/rmsportal\/wp-json\/wp\/v2\/product_cat?post=2911"},{"taxonomy":"product_tag","embeddable":true,"href":"https:\/\/mygreatportal.com\/rmsportal\/wp-json\/wp\/v2\/product_tag?post=2911"}],"curies":[{"name":"wp","href":"https:\/\/api.w.org\/{rel}","templated":true}]}}