
{"id":2917,"date":"2023-07-21T05:19:24","date_gmt":"2023-07-21T05:19:24","guid":{"rendered":"https:\/\/mygreatportal.com\/rmsportal\/?post_type=product&#038;p=2917"},"modified":"2023-07-29T08:01:25","modified_gmt":"2023-07-29T08:01:25","slug":"zf-otom","status":"publish","type":"product","link":"https:\/\/mygreatportal.com\/rmsportal\/product\/zf-otom\/","title":{"rendered":"ZF Otom"},"content":{"rendered":"<p class=\"TableContents\"><span lang=\"EN-US\">Address:\u0130lkad\u0131m, Shell benzinlik alt kat\u0131, Dikmen Cd NO:91, 06400 \u00c7ankaya\/Ankara<\/span><\/p>\n<p class=\"TableContents\"><span lang=\"EN-US\"><a href=\"https:\/\/www.google.com\/maps\/place\/data=!4m2!3m1!1s0x14d345029aeb60e5:0x5d2e53a9c823969d\"><span style=\"color: windowtext; text-decoration: none; text-underline: none;\">0545 712 63 33<\/span><\/a><\/span><\/p>\n","protected":false},"excerpt":{"rendered":"[contact-form][contact-field label=\"Advert No\" type=\"text\"][contact-field label=\"Listing Date\" type=\"date\"][contact-field label=\"Brand\" type=\"text\"][contact-field label=\"Model \" type=\"text\"][contact-field label=\"Gear\" type=\"text\"][contact-field label=\"Fuel \" type=\"text\"][contact-field label=\"From ....\" type=\"text\"][contact-field label=\"Year \" type=\"text\"][contact-field label=\"Vehicle status\" type=\"text\"][contact-field label=\"KM \" type=\"text\"][contact-field label=\"Motor Power\" type=\"text\"][contact-field label=\"Traction \" type=\"text\"][contact-field label=\"Color \" type=\"text\"][contact-field label=\"Guarantee\" type=\"text\"][contact-field label=\"Heavy Damage Registered \" type=\"text\"][contact-field label=\"\" type=\"text\"][contact-field label=\"Visible via video call \" type=\"text\"][contact-field label=\"Swap \" type=\"text\"][\/contact-form]\n","protected":false},"featured_media":2918,"comment_status":"open","ping_status":"closed","template":"","meta":[],"product_brand":[],"product_cat":[241,247,246,1998,1999,236,272,257,237,258,242,275,252,253,266,240,245,244],"product_tag":[2002,2003,2004],"class_list":{"0":"post-2917","1":"product","2":"type-product","3":"status-publish","4":"has-post-thumbnail","6":"product_cat-agricultural-cars","7":"product_cat-battery","8":"product_cat-car","9":"product_cat-car-rent-2","10":"product_cat-car-rent-with-driver-2","11":"product_cat-cars","12":"product_cat-chain-frame","13":"product_cat-chain-gear","14":"product_cat-classic-cars","15":"product_cat-clutch-plate","16":"product_cat-construction","17":"product_cat-cylinder","18":"product_cat-digital-kilometer","19":"product_cat-engine","20":"product_cat-engine-battery-replacement","21":"product_cat-heavy-and-semi-heavy","22":"product_cat-kilometer","23":"product_cat-motorcycle","24":"product_tag-car","25":"product_tag-rent","26":"product_tag-rent-car","28":"first","29":"instock","30":"taxable","31":"shipping-taxable","32":"product-type-simple"},"jetpack_sharing_enabled":true,"_links":{"self":[{"href":"https:\/\/mygreatportal.com\/rmsportal\/wp-json\/wp\/v2\/product\/2917","targetHints":{"allow":["GET"]}}],"collection":[{"href":"https:\/\/mygreatportal.com\/rmsportal\/wp-json\/wp\/v2\/product"}],"about":[{"href":"https:\/\/mygreatportal.com\/rmsportal\/wp-json\/wp\/v2\/types\/product"}],"replies":[{"embeddable":true,"href":"https:\/\/mygreatportal.com\/rmsportal\/wp-json\/wp\/v2\/comments?post=2917"}],"wp:featuredmedia":[{"embeddable":true,"href":"https:\/\/mygreatportal.com\/rmsportal\/wp-json\/wp\/v2\/media\/2918"}],"wp:attachment":[{"href":"https:\/\/mygreatportal.com\/rmsportal\/wp-json\/wp\/v2\/media?parent=2917"}],"wp:term":[{"taxonomy":"product_brand","embeddable":true,"href":"https:\/\/mygreatportal.com\/rmsportal\/wp-json\/wp\/v2\/product_brand?post=2917"},{"taxonomy":"product_cat","embeddable":true,"href":"https:\/\/mygreatportal.com\/rmsportal\/wp-json\/wp\/v2\/product_cat?post=2917"},{"taxonomy":"product_tag","embeddable":true,"href":"https:\/\/mygreatportal.com\/rmsportal\/wp-json\/wp\/v2\/product_tag?post=2917"}],"curies":[{"name":"wp","href":"https:\/\/api.w.org\/{rel}","templated":true}]}}